{"id":19,"date":"2024-03-29T16:35:48","date_gmt":"2024-03-29T19:35:48","guid":{"rendered":"https:\/\/classmarketing3.wordpress.com\/?page_id=19"},"modified":"2024-03-29T16:35:48","modified_gmt":"2024-03-29T19:35:48","slug":"relacionamento-profissional-e-marca","status":"publish","type":"page","link":"https:\/\/classmarketing.com.br\/","title":{"rendered":"BEM-VINDA \u00c0 MINHA P\u00c1GINA!"},"content":{"rendered":"\n<p class=\"has-text-align-right has-medium-font-size\">por Flavia Okuyama<\/p>\n\n\n\n<p class=\"has-text-align-center\">A Class Marketing \u00e9 para profissionais e empresas que querem construir marcas com significado. \u00c9 para aqueles que desejam se diferenciar, gerando experi\u00eancias positivas e cocriando valor no mercado onde est\u00e3o inseridos.<\/p>\n\n\n\n<p class=\"has-text-align-center\">Servi\u00e7os em Relacionamento Profissional e Marca, Mentorias &amp; Capacita\u00e7\u00f5es<br><\/p>\n\n\n\n<hr class=\"wp-block-separator has-alpha-channel-opacity\" \/>\n\n\n\n<div class=\"wp-block-columns is-layout-flex wp-container-core-columns-is-layout-9d6595d7 wp-block-columns-is-layout-flex\">\n<div class=\"wp-block-column is-layout-flow wp-block-column-is-layout-flow\">\n<p class=\"has-text-align-center has-black-color has-text-color has-link-color wp-elements-071ee12b9090f903c3010e27b180b7e1\"><a href=\"https:\/\/classmarketing3.wordpress.com\/blog-posts\/\">Conte\u00fados<\/a><\/p>\n\n\n<\/div>\n\n\n\n<div class=\"wp-block-column is-layout-flow wp-block-column-is-layout-flow\">\n<p class=\"has-text-align-center has-black-color has-text-color has-link-color wp-elements-f71dff2480a81cb58b3ca75c2e25e8b4\"><a href=\"https:\/\/classmarketing3.wordpress.com\/servicos\/\">Servi\u00e7os<\/a><\/p>\n\n\n\n<figure class=\"wp-block-image size-large is-resized is-style-default\"><img loading=\"lazy\" decoding=\"async\" width=\"1024\" height=\"768\" src=\"http:\/\/classmarketing.com.br\/wp-content\/uploads\/2024\/03\/brand.png?w=825\" alt=\"\" class=\"wp-image-26\" style=\"width:337px;height:auto\" srcset=\"https:\/\/classmarketing.com.br\/wp-content\/uploads\/2024\/03\/brand.png 1024w, https:\/\/classmarketing.com.br\/wp-content\/uploads\/2024\/03\/brand-300x225.png 300w, https:\/\/classmarketing.com.br\/wp-content\/uploads\/2024\/03\/brand-768x576.png 768w\" sizes=\"auto, (max-width: 1024px) 100vw, 1024px\" \/><\/figure>\n\n\n\n<figure class=\"wp-block-image size-large is-style-default\"><img loading=\"lazy\" decoding=\"async\" width=\"1024\" height=\"768\" src=\"http:\/\/classmarketing.com.br\/wp-content\/uploads\/2024\/03\/vendas.png?w=825\" alt=\"\" class=\"wp-image-35\" srcset=\"https:\/\/classmarketing.com.br\/wp-content\/uploads\/2024\/03\/vendas.png 1024w, https:\/\/classmarketing.com.br\/wp-content\/uploads\/2024\/03\/vendas-300x225.png 300w, https:\/\/classmarketing.com.br\/wp-content\/uploads\/2024\/03\/vendas-768x576.png 768w\" sizes=\"auto, (max-width: 1024px) 100vw, 1024px\" \/><\/figure>\n<\/div>\n<\/div>\n\n\n\n<hr class=\"wp-block-separator has-alpha-channel-opacity\" \/>\n\n\n\n<div class=\"wp-block-columns is-layout-flex wp-container-core-columns-is-layout-9d6595d7 wp-block-columns-is-layout-flex\">\n<div class=\"wp-block-column is-layout-flow wp-block-column-is-layout-flow\">\n<h2 class=\"wp-block-heading\">Flavia Machado Okuyama<\/h2>\n\n\n\n<p>Apaixonada por ensinar, meu trabalho me inspira a cuidar de relacionamentos todos os dias, realizando assim meu prop\u00f3sito de desenvolver profissionais que fazem a diferen\u00e7a nas empresas.<\/p>\n\n\n\n<ul class=\"wp-block-list\">\n<li>Mestra em Administra\u00e7\u00e3o \u2013 Feevale<\/li>\n\n\n\n<li>Especialista em Gest\u00e3o do Relacionamento com Cliente \u2013 Centro Universit\u00e1rio Senac SP<\/li>\n\n\n\n<li>Especialista em Administra\u00e7\u00e3o de Empresas \u2013 FGV.<\/li>\n<\/ul>\n\n\n\n<p>Com uma expertise de 18 anos no mercado corporativo, somados a viv\u00eancia de doc\u00eancia com jovens e adultos, aprendi a ouvir pessoas e entend\u00ea-las. As empresas possuem processos e equipamentos mas apenas os seres humanos podem tornar os neg\u00f3cios mais produtivos atrav\u00e9s de v\u00ednculos que criamos ao longo de uma carreira.<\/p>\n\n\n\n<p>\u00c1vida por conhecimento busco aprender a partir das experi\u00eancias vividas, mas o aperfei\u00e7oamento tamb\u00e9m est\u00e1 contido nos livros e cursos. Por isso os temas como Branding, Etiqueta e Postura Empresarial, Negocia\u00e7\u00e3o, Marketing Digital, me levam sempre a entregar o melhor para meus clientes e alunos.<\/p>\n\n\n\n<p>Todos n\u00f3s desejamos fazer parte de um mundo melhor e por isso gosto muito da frase:<\/p>\n\n\n\n<blockquote class=\"wp-block-quote is-layout-flow wp-block-quote-is-layout-flow\">\n<p><em>Seja a mudan\u00e7a que voc\u00ea quer ver no mundo<\/em><\/p>\n<cite>Mahatma Gandhi<\/cite><\/blockquote>\n<\/div>\n\n\n\n<div class=\"wp-block-column is-layout-flow wp-block-column-is-layout-flow\"><div class=\"wp-block-image\">\n<figure class=\"aligncenter size-medium\"><img decoding=\"async\" src=\"http:\/\/classmarketing.com.br\/wp-content\/uploads\/2024\/03\/flavia.jpeg?w=215\" alt=\"\" class=\"wp-image-48\" \/><\/figure>\n<\/div><\/div>\n<\/div>\n","protected":false},"excerpt":{"rendered":"<p>por Flavia Okuyama A Class Marketing \u00e9 para profissionais e empresas que querem construir marcas com significado. \u00c9 para aqueles que desejam se diferenciar, gerando experi\u00eancias positivas e cocriando valor no mercado onde est\u00e3o inseridos. Servi\u00e7os em Relacionamento Profissional e Marca, Mentorias &amp; Capacita\u00e7\u00f5es Conte\u00fados Servi\u00e7os Flavia Machado Okuyama Apaixonada por ensinar, meu trabalho me&hellip; <a href=\"https:\/\/classmarketing.com.br\/\" class=\"more-link\">Continuar lendo <span class=\"screen-reader-text\">BEM-VINDA \u00c0 MINHA P\u00c1GINA!<\/span><\/a><\/p>\n","protected":false},"author":1,"featured_media":0,"parent":0,"menu_order":0,"comment_status":"closed","ping_status":"closed","template":"","meta":{"footnotes":""},"class_list":["post-19","page","type-page","status-publish","hentry","without-featured-image"],"yoast_head":"<!-- This site is optimized with the Yoast SEO plugin v25.6 - https:\/\/yoast.com\/wordpress\/plugins\/seo\/ -->\n<title>BEM-VINDA \u00c0 MINHA P\u00c1GINA! - Class Marketing | Relacionamento e Marca<\/title>\n<meta name=\"robots\" content=\"index, follow, max-snippet:-1, max-image-preview:large, max-video-preview:-1\" \/>\n<link rel=\"canonical\" href=\"https:\/\/classmarketing.com.br\/\" \/>\n<meta property=\"og:locale\" content=\"pt_BR\" \/>\n<meta property=\"og:type\" content=\"article\" \/>\n<meta property=\"og:title\" content=\"BEM-VINDA \u00c0 MINHA P\u00c1GINA! - Class Marketing | Relacionamento e Marca\" \/>\n<meta property=\"og:description\" content=\"por Flavia Okuyama A Class Marketing \u00e9 para profissionais e empresas que querem construir marcas com significado. \u00c9 para aqueles que desejam se diferenciar, gerando experi\u00eancias positivas e cocriando valor no mercado onde est\u00e3o inseridos. Servi\u00e7os em Relacionamento Profissional e Marca, Mentorias &amp; Capacita\u00e7\u00f5es Conte\u00fados Servi\u00e7os Flavia Machado Okuyama Apaixonada por ensinar, meu trabalho me&hellip; Continuar lendo BEM-VINDA \u00c0 MINHA P\u00c1GINA!\" \/>\n<meta property=\"og:url\" content=\"https:\/\/classmarketing.com.br\/\" \/>\n<meta property=\"og:site_name\" content=\"Class Marketing | Relacionamento e Marca\" \/>\n<meta property=\"og:image\" content=\"https:\/\/classmarketing3.wordpress.com\/wp-content\/uploads\/2024\/03\/brand.png?w=825\" \/>\n<meta name=\"twitter:card\" content=\"summary_large_image\" \/>\n<meta name=\"twitter:label1\" content=\"Est. tempo de leitura\" \/>\n\t<meta name=\"twitter:data1\" content=\"1 minuto\" \/>\n<script type=\"application\/ld+json\" class=\"yoast-schema-graph\">{\"@context\":\"https:\/\/schema.org\",\"@graph\":[{\"@type\":\"WebPage\",\"@id\":\"https:\/\/classmarketing.com.br\/\",\"url\":\"https:\/\/classmarketing.com.br\/\",\"name\":\"BEM-VINDA \u00c0 MINHA P\u00c1GINA! - Class Marketing | Relacionamento e Marca\",\"isPartOf\":{\"@id\":\"https:\/\/classmarketing.com.br\/#website\"},\"primaryImageOfPage\":{\"@id\":\"https:\/\/classmarketing.com.br\/#primaryimage\"},\"image\":{\"@id\":\"https:\/\/classmarketing.com.br\/#primaryimage\"},\"thumbnailUrl\":\"http:\/\/classmarketing.com.br\/wp-content\/uploads\/2024\/03\/brand.png?w=825\",\"datePublished\":\"2024-03-29T19:35:48+00:00\",\"breadcrumb\":{\"@id\":\"https:\/\/classmarketing.com.br\/#breadcrumb\"},\"inLanguage\":\"pt-BR\",\"potentialAction\":[{\"@type\":\"ReadAction\",\"target\":[\"https:\/\/classmarketing.com.br\/\"]}]},{\"@type\":\"ImageObject\",\"inLanguage\":\"pt-BR\",\"@id\":\"https:\/\/classmarketing.com.br\/#primaryimage\",\"url\":\"http:\/\/classmarketing.com.br\/wp-content\/uploads\/2024\/03\/brand.png?w=825\",\"contentUrl\":\"http:\/\/classmarketing.com.br\/wp-content\/uploads\/2024\/03\/brand.png?w=825\"},{\"@type\":\"BreadcrumbList\",\"@id\":\"https:\/\/classmarketing.com.br\/#breadcrumb\",\"itemListElement\":[{\"@type\":\"ListItem\",\"position\":1,\"name\":\"In\u00edcio\",\"item\":\"https:\/\/classmarketing.com.br\/\"},{\"@type\":\"ListItem\",\"position\":2,\"name\":\"BEM-VINDA \u00c0 MINHA P\u00c1GINA!\"}]},{\"@type\":\"WebSite\",\"@id\":\"https:\/\/classmarketing.com.br\/#website\",\"url\":\"https:\/\/classmarketing.com.br\/\",\"name\":\"Class Marketing | Relacionamento e Marca\",\"description\":\"Inspirando Mulheres atrav\u00e9s do Marketing\",\"publisher\":{\"@id\":\"https:\/\/classmarketing.com.br\/#organization\"},\"potentialAction\":[{\"@type\":\"SearchAction\",\"target\":{\"@type\":\"EntryPoint\",\"urlTemplate\":\"https:\/\/classmarketing.com.br\/?s={search_term_string}\"},\"query-input\":{\"@type\":\"PropertyValueSpecification\",\"valueRequired\":true,\"valueName\":\"search_term_string\"}}],\"inLanguage\":\"pt-BR\"},{\"@type\":\"Organization\",\"@id\":\"https:\/\/classmarketing.com.br\/#organization\",\"name\":\"Class Marketing | Relacionamento e Marca\",\"url\":\"https:\/\/classmarketing.com.br\/\",\"logo\":{\"@type\":\"ImageObject\",\"inLanguage\":\"pt-BR\",\"@id\":\"https:\/\/classmarketing.com.br\/#\/schema\/logo\/image\/\",\"url\":\"https:\/\/classmarketing.com.br\/wp-content\/uploads\/2024\/03\/cropped-banner-class.png\",\"contentUrl\":\"https:\/\/classmarketing.com.br\/wp-content\/uploads\/2024\/03\/cropped-banner-class.png\",\"width\":1200,\"height\":300,\"caption\":\"Class Marketing |  Relacionamento e Marca\"},\"image\":{\"@id\":\"https:\/\/classmarketing.com.br\/#\/schema\/logo\/image\/\"}}]}<\/script>\n<!-- \/ Yoast SEO plugin. -->","yoast_head_json":{"title":"BEM-VINDA \u00c0 MINHA P\u00c1GINA! - Class Marketing | Relacionamento e Marca","robots":{"index":"index","follow":"follow","max-snippet":"max-snippet:-1","max-image-preview":"max-image-preview:large","max-video-preview":"max-video-preview:-1"},"canonical":"https:\/\/classmarketing.com.br\/","og_locale":"pt_BR","og_type":"article","og_title":"BEM-VINDA \u00c0 MINHA P\u00c1GINA! - Class Marketing | Relacionamento e Marca","og_description":"por Flavia Okuyama A Class Marketing \u00e9 para profissionais e empresas que querem construir marcas com significado. \u00c9 para aqueles que desejam se diferenciar, gerando experi\u00eancias positivas e cocriando valor no mercado onde est\u00e3o inseridos. Servi\u00e7os em Relacionamento Profissional e Marca, Mentorias &amp; Capacita\u00e7\u00f5es Conte\u00fados Servi\u00e7os Flavia Machado Okuyama Apaixonada por ensinar, meu trabalho me&hellip; Continuar lendo BEM-VINDA \u00c0 MINHA P\u00c1GINA!","og_url":"https:\/\/classmarketing.com.br\/","og_site_name":"Class Marketing | Relacionamento e Marca","og_image":[{"url":"https:\/\/classmarketing3.wordpress.com\/wp-content\/uploads\/2024\/03\/brand.png?w=825","type":"","width":"","height":""}],"twitter_card":"summary_large_image","twitter_misc":{"Est. tempo de leitura":"1 minuto"},"schema":{"@context":"https:\/\/schema.org","@graph":[{"@type":"WebPage","@id":"https:\/\/classmarketing.com.br\/","url":"https:\/\/classmarketing.com.br\/","name":"BEM-VINDA \u00c0 MINHA P\u00c1GINA! - Class Marketing | Relacionamento e Marca","isPartOf":{"@id":"https:\/\/classmarketing.com.br\/#website"},"primaryImageOfPage":{"@id":"https:\/\/classmarketing.com.br\/#primaryimage"},"image":{"@id":"https:\/\/classmarketing.com.br\/#primaryimage"},"thumbnailUrl":"http:\/\/classmarketing.com.br\/wp-content\/uploads\/2024\/03\/brand.png?w=825","datePublished":"2024-03-29T19:35:48+00:00","breadcrumb":{"@id":"https:\/\/classmarketing.com.br\/#breadcrumb"},"inLanguage":"pt-BR","potentialAction":[{"@type":"ReadAction","target":["https:\/\/classmarketing.com.br\/"]}]},{"@type":"ImageObject","inLanguage":"pt-BR","@id":"https:\/\/classmarketing.com.br\/#primaryimage","url":"http:\/\/classmarketing.com.br\/wp-content\/uploads\/2024\/03\/brand.png?w=825","contentUrl":"http:\/\/classmarketing.com.br\/wp-content\/uploads\/2024\/03\/brand.png?w=825"},{"@type":"BreadcrumbList","@id":"https:\/\/classmarketing.com.br\/#breadcrumb","itemListElement":[{"@type":"ListItem","position":1,"name":"In\u00edcio","item":"https:\/\/classmarketing.com.br\/"},{"@type":"ListItem","position":2,"name":"BEM-VINDA \u00c0 MINHA P\u00c1GINA!"}]},{"@type":"WebSite","@id":"https:\/\/classmarketing.com.br\/#website","url":"https:\/\/classmarketing.com.br\/","name":"Class Marketing | Relacionamento e Marca","description":"Inspirando Mulheres atrav\u00e9s do Marketing","publisher":{"@id":"https:\/\/classmarketing.com.br\/#organization"},"potentialAction":[{"@type":"SearchAction","target":{"@type":"EntryPoint","urlTemplate":"https:\/\/classmarketing.com.br\/?s={search_term_string}"},"query-input":{"@type":"PropertyValueSpecification","valueRequired":true,"valueName":"search_term_string"}}],"inLanguage":"pt-BR"},{"@type":"Organization","@id":"https:\/\/classmarketing.com.br\/#organization","name":"Class Marketing | Relacionamento e Marca","url":"https:\/\/classmarketing.com.br\/","logo":{"@type":"ImageObject","inLanguage":"pt-BR","@id":"https:\/\/classmarketing.com.br\/#\/schema\/logo\/image\/","url":"https:\/\/classmarketing.com.br\/wp-content\/uploads\/2024\/03\/cropped-banner-class.png","contentUrl":"https:\/\/classmarketing.com.br\/wp-content\/uploads\/2024\/03\/cropped-banner-class.png","width":1200,"height":300,"caption":"Class Marketing |  Relacionamento e Marca"},"image":{"@id":"https:\/\/classmarketing.com.br\/#\/schema\/logo\/image\/"}}]}},"_links":{"self":[{"href":"https:\/\/classmarketing.com.br\/index.php?rest_route=\/wp\/v2\/pages\/19","targetHints":{"allow":["GET"]}}],"collection":[{"href":"https:\/\/classmarketing.com.br\/index.php?rest_route=\/wp\/v2\/pages"}],"about":[{"href":"https:\/\/classmarketing.com.br\/index.php?rest_route=\/wp\/v2\/types\/page"}],"author":[{"embeddable":true,"href":"https:\/\/classmarketing.com.br\/index.php?rest_route=\/wp\/v2\/users\/1"}],"replies":[{"embeddable":true,"href":"https:\/\/classmarketing.com.br\/index.php?rest_route=%2Fwp%2Fv2%2Fcomments&post=19"}],"version-history":[{"count":0,"href":"https:\/\/classmarketing.com.br\/index.php?rest_route=\/wp\/v2\/pages\/19\/revisions"}],"wp:attachment":[{"href":"https:\/\/classmarketing.com.br\/index.php?rest_route=%2Fwp%2Fv2%2Fmedia&parent=19"}],"curies":[{"name":"wp","href":"https:\/\/api.w.org\/{rel}","templated":true}]}}