{"id":63,"date":"2024-03-29T17:43:56","date_gmt":"2024-03-29T20:43:56","guid":{"rendered":"https:\/\/classmarketing3.wordpress.com\/?page_id=63"},"modified":"2024-03-29T17:43:56","modified_gmt":"2024-03-29T20:43:56","slug":"blog-posts","status":"publish","type":"page","link":"https:\/\/classmarketing.com.br\/?page_id=63","title":{"rendered":"Blog Posts"},"content":{"rendered":"\n<div class=\"wp-block-group alignfull is-content-justification-center\" style=\"margin-top:0;margin-bottom:0;padding-top:calc( 0.5 * var(--wp--style--root--padding-right, var(--wp--custom--gap--horizontal)));padding-right:var(--wp--style--root--padding-right, var(--wp--custom--gap--horizontal));padding-bottom:calc( 0.5 * var(--wp--style--root--padding-right, var(--wp--custom--gap--horizontal)));padding-left:var(--wp--style--root--padding-left, var(--wp--custom--gap--horizontal))\"><div class=\"wp-block-group__inner-container is-layout-constrained wp-container-core-group-is-layout-b073b61b wp-block-group-is-layout-constrained\">\n<div style=\"height:calc( 0.25 * var(--wp--style--root--padding-right, var(--wp--custom--gap--horizontal)))\" aria-hidden=\"true\" class=\"wp-block-spacer\"><\/div>\n\n\n\n<div class=\"wp-block-group alignfull is-content-justification-center\" style=\"margin-top:0;margin-bottom:0;padding-top:calc( 0.5 * var(--wp--style--root--padding-right, var(--wp--custom--gap--horizontal)));padding-right:var(--wp--style--root--padding-right, var(--wp--custom--gap--horizontal));padding-bottom:calc( 0.5 * var(--wp--style--root--padding-right, var(--wp--custom--gap--horizontal)));padding-left:var(--wp--style--root--padding-left, var(--wp--custom--gap--horizontal))\"><div class=\"wp-block-group__inner-container is-layout-constrained wp-container-core-group-is-layout-b073b61b wp-block-group-is-layout-constrained\">\n<div data-wp-context=\"{}\" data-wp-interactive=\"core\/query\" data-wp-key=\"9\" data-wp-router-region=\"query-9\" class=\"wp-block-query alignwide is-layout-flow wp-block-query-is-layout-flow\"><ul class=\"wp-block-post-template is-layout-flow wp-block-post-template-is-layout-flow\"><li data-wp-key=\"post-template-item-192\" class=\"wp-block-post post-192 post type-post status-publish format-standard has-post-thumbnail hentry category-branding with-featured-image\">\n\n<div class=\"wp-block-columns is-layout-flex wp-container-core-columns-is-layout-087408a8 wp-block-columns-is-layout-flex\">\n<div class=\"wp-block-column is-layout-flow wp-block-column-is-layout-flow\" style=\"flex-basis:40%\"><figure style=\"aspect-ratio:4\/3;\" class=\"wp-block-post-featured-image\"><a href=\"https:\/\/classmarketing.com.br\/?p=192\" target=\"_self\"  ><img loading=\"lazy\" decoding=\"async\" width=\"1640\" height=\"924\" src=\"https:\/\/classmarketing.com.br\/wp-content\/uploads\/2024\/03\/redessociais-1.jpeg\" class=\"attachment-post-thumbnail size-post-thumbnail wp-post-image\" alt=\"A import\u00e2ncia das redes colaborativas nos empreendimentos femininos\" style=\"width:100%;height:100%;object-fit:cover;\" srcset=\"https:\/\/classmarketing.com.br\/wp-content\/uploads\/2024\/03\/redessociais-1.jpeg 1640w, https:\/\/classmarketing.com.br\/wp-content\/uploads\/2024\/03\/redessociais-1-300x169.jpeg 300w, https:\/\/classmarketing.com.br\/wp-content\/uploads\/2024\/03\/redessociais-1-1024x577.jpeg 1024w, https:\/\/classmarketing.com.br\/wp-content\/uploads\/2024\/03\/redessociais-1-768x433.jpeg 768w, https:\/\/classmarketing.com.br\/wp-content\/uploads\/2024\/03\/redessociais-1-1536x865.jpeg 1536w\" sizes=\"auto, (max-width: 1640px) 100vw, 1640px\" \/><\/a><\/figure><\/div>\n\n\n\n<div class=\"wp-block-column is-vertically-aligned-center is-layout-flow wp-block-column-is-layout-flow\" style=\"flex-basis:60%\">\n<div class=\"wp-block-group is-content-justification-left\"><div class=\"wp-block-group__inner-container is-layout-constrained wp-container-core-group-is-layout-b4f252f3 wp-block-group-is-layout-constrained\"><h3 class=\"has-text-align-left no-underline wp-block-post-title has-large-font-size\"><a href=\"https:\/\/classmarketing.com.br\/?p=192\" target=\"_self\" >A import\u00e2ncia das redes colaborativas nos empreendimentos femininos<\/a><\/h3>\n\n<div class=\"wp-block-post-date has-small-font-size\"><time datetime=\"2024-03-29T16:07:01-03:00\">29 de mar\u00e7o de 2024<\/time><\/div>\n\n\n<div style=\"height:var(--wp--preset--spacing--10)\" aria-hidden=\"true\" class=\"wp-block-spacer\"><\/div>\n\n\n<div class=\"wp-block-post-excerpt\"><p class=\"wp-block-post-excerpt__excerpt\">Mulheres empreendedoras buscam autorrealiza\u00e7\u00e3o, sustento pr\u00f3prio e concilia\u00e7\u00e3o entre trabalho e lar, devido a m\u00e1s experi\u00eancias em ambientes liderados por homens. Pesquisa revela maior escolaridade e prefer\u00eancia por neg\u00f3cios de baixo risco, valorizando informa\u00e7\u00f5es partilhadas e a capacidade de adapta\u00e7\u00e3o. Participar de redes colaborativas \u00e9 essencial para inova\u00e7\u00e3o e crescimento. <\/p><\/div><\/div><\/div>\n<\/div>\n<\/div>\n\n\n\n<div style=\"height:var(--wp--preset--spacing--10)\" aria-hidden=\"true\" class=\"wp-block-spacer\"><\/div>\n\n<\/li><li data-wp-key=\"post-template-item-167\" class=\"wp-block-post post-167 post type-post status-publish format-standard has-post-thumbnail hentry category-branding category-marketing-de-relacionamento-com-o-cliente category-marketing-pessoal with-featured-image\">\n\n<div class=\"wp-block-columns is-layout-flex wp-container-core-columns-is-layout-087408a8 wp-block-columns-is-layout-flex\">\n<div class=\"wp-block-column is-layout-flow wp-block-column-is-layout-flow\" style=\"flex-basis:40%\"><figure style=\"aspect-ratio:4\/3;\" class=\"wp-block-post-featured-image\"><a href=\"https:\/\/classmarketing.com.br\/?p=167\" target=\"_self\"  ><img loading=\"lazy\" decoding=\"async\" width=\"500\" height=\"375\" src=\"https:\/\/classmarketing.com.br\/wp-content\/uploads\/2024\/03\/post_cores.jpeg\" class=\"attachment-post-thumbnail size-post-thumbnail wp-post-image\" alt=\"O Efeito das Cores para Sua Marca\" style=\"width:100%;height:100%;object-fit:cover;\" srcset=\"https:\/\/classmarketing.com.br\/wp-content\/uploads\/2024\/03\/post_cores.jpeg 500w, https:\/\/classmarketing.com.br\/wp-content\/uploads\/2024\/03\/post_cores-300x225.jpeg 300w\" sizes=\"auto, (max-width: 500px) 100vw, 500px\" \/><\/a><\/figure><\/div>\n\n\n\n<div class=\"wp-block-column is-vertically-aligned-center is-layout-flow wp-block-column-is-layout-flow\" style=\"flex-basis:60%\">\n<div class=\"wp-block-group is-content-justification-left\"><div class=\"wp-block-group__inner-container is-layout-constrained wp-container-core-group-is-layout-b4f252f3 wp-block-group-is-layout-constrained\"><h3 class=\"has-text-align-left no-underline wp-block-post-title has-large-font-size\"><a href=\"https:\/\/classmarketing.com.br\/?p=167\" target=\"_self\" >O Efeito das Cores para Sua Marca<\/a><\/h3>\n\n<div class=\"wp-block-post-date has-small-font-size\"><time datetime=\"2024-03-01T02:01:03-03:00\">1 de mar\u00e7o de 2024<\/time><\/div>\n\n\n<div style=\"height:var(--wp--preset--spacing--10)\" aria-hidden=\"true\" class=\"wp-block-spacer\"><\/div>\n\n\n<div class=\"wp-block-post-excerpt\"><p class=\"wp-block-post-excerpt__excerpt\">Este artigo discute como as cores desempenham um papel fundamental na comunica\u00e7\u00e3o humana, influenciando emo\u00e7\u00f5es e a\u00e7\u00f5es. No marketing, as cores s\u00e3o usadas estrategicamente para influenciar os consumidores. A escolha das cores de uma marca reflete sua identidade e deve estar alinhada com sua mensagem e objetivos. Estudos psicol\u00f3gicos mostram como as cores afetam as&hellip; <\/p><\/div><\/div><\/div>\n<\/div>\n<\/div>\n\n\n\n<div style=\"height:var(--wp--preset--spacing--10)\" aria-hidden=\"true\" class=\"wp-block-spacer\"><\/div>\n\n<\/li><li data-wp-key=\"post-template-item-180\" class=\"wp-block-post post-180 post type-post status-publish format-standard has-post-thumbnail hentry category-marketing-de-relacionamento-com-o-cliente category-social-crm with-featured-image\">\n\n<div class=\"wp-block-columns is-layout-flex wp-container-core-columns-is-layout-087408a8 wp-block-columns-is-layout-flex\">\n<div class=\"wp-block-column is-layout-flow wp-block-column-is-layout-flow\" style=\"flex-basis:40%\"><figure style=\"aspect-ratio:4\/3;\" class=\"wp-block-post-featured-image\"><a href=\"https:\/\/classmarketing.com.br\/?p=180\" target=\"_self\"  ><img loading=\"lazy\" decoding=\"async\" width=\"500\" height=\"375\" src=\"https:\/\/classmarketing.com.br\/wp-content\/uploads\/2024\/03\/post_marketing.png\" class=\"attachment-post-thumbnail size-post-thumbnail wp-post-image\" alt=\"Marketing para Mulheres\" style=\"width:100%;height:100%;object-fit:cover;\" srcset=\"https:\/\/classmarketing.com.br\/wp-content\/uploads\/2024\/03\/post_marketing.png 500w, https:\/\/classmarketing.com.br\/wp-content\/uploads\/2024\/03\/post_marketing-300x225.png 300w\" sizes=\"auto, (max-width: 500px) 100vw, 500px\" \/><\/a><\/figure><\/div>\n\n\n\n<div class=\"wp-block-column is-vertically-aligned-center is-layout-flow wp-block-column-is-layout-flow\" style=\"flex-basis:60%\">\n<div class=\"wp-block-group is-content-justification-left\"><div class=\"wp-block-group__inner-container is-layout-constrained wp-container-core-group-is-layout-b4f252f3 wp-block-group-is-layout-constrained\"><h3 class=\"has-text-align-left no-underline wp-block-post-title has-large-font-size\"><a href=\"https:\/\/classmarketing.com.br\/?p=180\" target=\"_self\" >Marketing para Mulheres<\/a><\/h3>\n\n<div class=\"wp-block-post-date has-small-font-size\"><time datetime=\"2024-02-01T02:19:53-03:00\">1 de fevereiro de 2024<\/time><\/div>\n\n\n<div style=\"height:var(--wp--preset--spacing--10)\" aria-hidden=\"true\" class=\"wp-block-spacer\"><\/div>\n\n\n<div class=\"wp-block-post-excerpt\"><p class=\"wp-block-post-excerpt__excerpt\">As mulheres modernas t\u00eam grande influ\u00eancia no consumo familiar, mas muitos profissionais de marketing ainda n\u00e3o se adaptaram a isso. Elas prezam por conex\u00f5es reais e buscam propagandas que as representem de forma aut\u00eantica. O uso das redes sociais e aplicativos de mensagens se torna crucial para interagir e influenciar esse p\u00fablico. Marketing segmentado e&hellip; <\/p><\/div><\/div><\/div>\n<\/div>\n<\/div>\n\n\n\n<div style=\"height:var(--wp--preset--spacing--10)\" aria-hidden=\"true\" class=\"wp-block-spacer\"><\/div>\n\n<\/li><li data-wp-key=\"post-template-item-187\" class=\"wp-block-post post-187 post type-post status-publish format-standard has-post-thumbnail hentry category-marketing-de-relacionamento-com-o-cliente category-marketing-pessoal with-featured-image\">\n\n<div class=\"wp-block-columns is-layout-flex wp-container-core-columns-is-layout-087408a8 wp-block-columns-is-layout-flex\">\n<div class=\"wp-block-column is-layout-flow wp-block-column-is-layout-flow\" style=\"flex-basis:40%\"><figure style=\"aspect-ratio:4\/3;\" class=\"wp-block-post-featured-image\"><a href=\"https:\/\/classmarketing.com.br\/?p=187\" target=\"_self\"  ><img loading=\"lazy\" decoding=\"async\" width=\"500\" height=\"375\" src=\"https:\/\/classmarketing.com.br\/wp-content\/uploads\/2024\/03\/post_nuncapare.jpeg\" class=\"attachment-post-thumbnail size-post-thumbnail wp-post-image\" alt=\"Nunca pare de aprender, sempre h\u00e1 algo a melhorar\" style=\"width:100%;height:100%;object-fit:cover;\" srcset=\"https:\/\/classmarketing.com.br\/wp-content\/uploads\/2024\/03\/post_nuncapare.jpeg 500w, https:\/\/classmarketing.com.br\/wp-content\/uploads\/2024\/03\/post_nuncapare-300x225.jpeg 300w\" sizes=\"auto, (max-width: 500px) 100vw, 500px\" \/><\/a><\/figure><\/div>\n\n\n\n<div class=\"wp-block-column is-vertically-aligned-center is-layout-flow wp-block-column-is-layout-flow\" style=\"flex-basis:60%\">\n<div class=\"wp-block-group is-content-justification-left\"><div class=\"wp-block-group__inner-container is-layout-constrained wp-container-core-group-is-layout-b4f252f3 wp-block-group-is-layout-constrained\"><h3 class=\"has-text-align-left no-underline wp-block-post-title has-large-font-size\"><a href=\"https:\/\/classmarketing.com.br\/?p=187\" target=\"_self\" >Nunca pare de aprender, sempre h\u00e1 algo a melhorar<\/a><\/h3>\n\n<div class=\"wp-block-post-date has-small-font-size\"><time datetime=\"2024-01-02T02:30:21-03:00\">2 de janeiro de 2024<\/time><\/div>\n\n\n<div style=\"height:var(--wp--preset--spacing--10)\" aria-hidden=\"true\" class=\"wp-block-spacer\"><\/div>\n\n\n<div class=\"wp-block-post-excerpt\"><p class=\"wp-block-post-excerpt__excerpt\">Profissionais experientes podem estagnar no trabalho, atendendo clientes de forma rotineira e desinteressada. Este comportamento \u00e9 cultural, mas prejudicial. A paix\u00e3o pelo trabalho e constante aprendizagem s\u00e3o essenciais. Conhecer bem produtos e servi\u00e7os gera confian\u00e7a e fideliza\u00e7\u00e3o dos clientes. Esta abordagem \u00e9 crucial em qualquer \u00e1rea, especialmente no marketing de relacionamento. <\/p><\/div><\/div><\/div>\n<\/div>\n<\/div>\n\n\n\n<div style=\"height:var(--wp--preset--spacing--10)\" aria-hidden=\"true\" class=\"wp-block-spacer\"><\/div>\n\n<\/li><li data-wp-key=\"post-template-item-991\" class=\"wp-block-post post-991 post type-post status-publish format-standard has-post-thumbnail hentry category-branding tag-empreendedorismo-feminino-relacionamento-profissional-marca-pessoal-cocriacao-de-valor with-featured-image\">\n\n<div class=\"wp-block-columns is-layout-flex wp-container-core-columns-is-layout-087408a8 wp-block-columns-is-layout-flex\">\n<div class=\"wp-block-column is-layout-flow wp-block-column-is-layout-flow\" style=\"flex-basis:40%\"><\/div>\n\n\n\n<div class=\"wp-block-column is-vertically-aligned-center is-layout-flow wp-block-column-is-layout-flow\" style=\"flex-basis:60%\">\n<div class=\"wp-block-group is-content-justification-left\"><div class=\"wp-block-group__inner-container is-layout-constrained wp-container-core-group-is-layout-b4f252f3 wp-block-group-is-layout-constrained\"><h3 class=\"has-text-align-left no-underline wp-block-post-title has-large-font-size\"><a href=\"https:\/\/classmarketing.com.br\/?p=991\" target=\"_self\" >A import\u00e2ncia das redes colaborativas nos empreendimentos femininos<\/a><\/h3>\n\n<div class=\"wp-block-post-date has-small-font-size\"><time datetime=\"2022-12-16T12:33:03-03:00\">16 de dezembro de 2022<\/time><\/div>\n\n\n<div style=\"height:var(--wp--preset--spacing--10)\" aria-hidden=\"true\" class=\"wp-block-spacer\"><\/div>\n\n\n<div class=\"wp-block-post-excerpt\"><p class=\"wp-block-post-excerpt__excerpt\">\u00a0 Busca por autorrealiza\u00e7\u00e3o; Sustento pr\u00f3prio; Oportunidade de conciliar as atividades do lar com remunera\u00e7\u00e3o; M\u00e1s experi\u00eancias em postos de trabalhos liderados por homens. \u00a0 S\u00e3o os principais fatores que fazem as mulheres buscar o protagonismo de suas vidas no empreendedorismo. Como um resgate da autoestima que ficou perdida em algum lugar do passado, quando&hellip;&hellip; <\/p><\/div><\/div><\/div>\n<\/div>\n<\/div>\n\n\n\n<div style=\"height:var(--wp--preset--spacing--10)\" aria-hidden=\"true\" class=\"wp-block-spacer\"><\/div>\n\n<\/li><\/ul>\n\n\n<div style=\"height:var(--wp--preset--spacing--10)\" aria-hidden=\"true\" class=\"wp-block-spacer\"><\/div>\n\n\n<nav class=\"wp-block-query-pagination is-content-justification-space-between is-layout-flex wp-container-core-query-pagination-is-layout-3d213aab wp-block-query-pagination-is-layout-flex\" aria-label=\"Pagina\u00e7\u00e3o\">\n\n\n<a data-wp-key=\"query-pagination-next\" data-wp-on--click=\"core\/query::actions.navigate\" data-wp-on--mouseenter=\"core\/query::actions.prefetch\" data-wp-watch=\"core\/query::callbacks.prefetch\" href=\"\/index.php?rest_route=%2Fwp%2Fv2%2Fpages%2F63&#038;query-9-page=2\" class=\"wp-block-query-pagination-next\">Pr\u00f3xima p\u00e1gina<\/a>\n<\/nav><\/div>\n<\/div><\/div>\n\n\n\n<div style=\"height:calc( 0.25 * var(--wp--style--root--padding-right, var(--wp--custom--gap--horizontal)))\" aria-hidden=\"true\" class=\"wp-block-spacer\"><\/div>\n<\/div><\/div>\n","protected":false},"excerpt":{"rendered":"","protected":false},"author":1,"featured_media":0,"parent":0,"menu_order":0,"comment_status":"closed","ping_status":"closed","template":"","meta":{"footnotes":""},"class_list":["post-63","page","type-page","status-publish","hentry","without-featured-image"],"yoast_head":"<!-- This site is optimized with the Yoast SEO plugin v25.6 - https:\/\/yoast.com\/wordpress\/plugins\/seo\/ -->\n<title>Blog Posts - Class Marketing | Relacionamento e Marca<\/title>\n<meta name=\"robots\" content=\"index, follow, max-snippet:-1, max-image-preview:large, max-video-preview:-1\" \/>\n<link rel=\"canonical\" href=\"https:\/\/classmarketing.com.br\/?page_id=63\" \/>\n<link rel=\"next\" href=\"https:\/\/classmarketing.com.br\/?page_id=63index.php?rest_route=%2Fwp%2Fv2%2Fpages%2F63&query-9-page=2\" \/>\n<meta property=\"og:locale\" content=\"pt_BR\" \/>\n<meta property=\"og:type\" content=\"article\" \/>\n<meta property=\"og:title\" content=\"Blog Posts - Class Marketing | Relacionamento e Marca\" \/>\n<meta property=\"og:url\" content=\"https:\/\/classmarketing.com.br\/?page_id=63\" \/>\n<meta property=\"og:site_name\" content=\"Class Marketing | Relacionamento e Marca\" \/>\n<meta name=\"twitter:card\" content=\"summary_large_image\" \/>\n<script type=\"application\/ld+json\" class=\"yoast-schema-graph\">{\"@context\":\"https:\/\/schema.org\",\"@graph\":[{\"@type\":[\"WebPage\",\"CollectionPage\"],\"@id\":\"https:\/\/classmarketing.com.br\/?page_id=63\",\"url\":\"https:\/\/classmarketing.com.br\/?page_id=63\",\"name\":\"Blog Posts - Class Marketing | Relacionamento e Marca\",\"isPartOf\":{\"@id\":\"https:\/\/classmarketing.com.br\/#website\"},\"datePublished\":\"2024-03-29T20:43:56+00:00\",\"breadcrumb\":{\"@id\":\"https:\/\/classmarketing.com.br\/?page_id=63#breadcrumb\"},\"inLanguage\":\"pt-BR\"},{\"@type\":\"BreadcrumbList\",\"@id\":\"https:\/\/classmarketing.com.br\/?page_id=63#breadcrumb\",\"itemListElement\":[{\"@type\":\"ListItem\",\"position\":1,\"name\":\"In\u00edcio\",\"item\":\"https:\/\/classmarketing.com.br\/\"},{\"@type\":\"ListItem\",\"position\":2,\"name\":\"Blog Posts\"}]},{\"@type\":\"WebSite\",\"@id\":\"https:\/\/classmarketing.com.br\/#website\",\"url\":\"https:\/\/classmarketing.com.br\/\",\"name\":\"Class Marketing | Relacionamento e Marca\",\"description\":\"Inspirando Mulheres atrav\u00e9s do Marketing\",\"publisher\":{\"@id\":\"https:\/\/classmarketing.com.br\/#organization\"},\"potentialAction\":[{\"@type\":\"SearchAction\",\"target\":{\"@type\":\"EntryPoint\",\"urlTemplate\":\"https:\/\/classmarketing.com.br\/?s={search_term_string}\"},\"query-input\":{\"@type\":\"PropertyValueSpecification\",\"valueRequired\":true,\"valueName\":\"search_term_string\"}}],\"inLanguage\":\"pt-BR\"},{\"@type\":\"Organization\",\"@id\":\"https:\/\/classmarketing.com.br\/#organization\",\"name\":\"Class Marketing | Relacionamento e Marca\",\"url\":\"https:\/\/classmarketing.com.br\/\",\"logo\":{\"@type\":\"ImageObject\",\"inLanguage\":\"pt-BR\",\"@id\":\"https:\/\/classmarketing.com.br\/#\/schema\/logo\/image\/\",\"url\":\"https:\/\/classmarketing.com.br\/wp-content\/uploads\/2024\/03\/cropped-banner-class.png\",\"contentUrl\":\"https:\/\/classmarketing.com.br\/wp-content\/uploads\/2024\/03\/cropped-banner-class.png\",\"width\":1200,\"height\":300,\"caption\":\"Class Marketing |  Relacionamento e Marca\"},\"image\":{\"@id\":\"https:\/\/classmarketing.com.br\/#\/schema\/logo\/image\/\"}}]}<\/script>\n<!-- \/ Yoast SEO plugin. -->","yoast_head_json":{"title":"Blog Posts - Class Marketing | Relacionamento e Marca","robots":{"index":"index","follow":"follow","max-snippet":"max-snippet:-1","max-image-preview":"max-image-preview:large","max-video-preview":"max-video-preview:-1"},"canonical":"https:\/\/classmarketing.com.br\/?page_id=63","next":"https:\/\/classmarketing.com.br\/?page_id=63index.php?rest_route=%2Fwp%2Fv2%2Fpages%2F63&query-9-page=2","og_locale":"pt_BR","og_type":"article","og_title":"Blog Posts - Class Marketing | Relacionamento e Marca","og_url":"https:\/\/classmarketing.com.br\/?page_id=63","og_site_name":"Class Marketing | Relacionamento e Marca","twitter_card":"summary_large_image","schema":{"@context":"https:\/\/schema.org","@graph":[{"@type":["WebPage","CollectionPage"],"@id":"https:\/\/classmarketing.com.br\/?page_id=63","url":"https:\/\/classmarketing.com.br\/?page_id=63","name":"Blog Posts - Class Marketing | Relacionamento e Marca","isPartOf":{"@id":"https:\/\/classmarketing.com.br\/#website"},"datePublished":"2024-03-29T20:43:56+00:00","breadcrumb":{"@id":"https:\/\/classmarketing.com.br\/?page_id=63#breadcrumb"},"inLanguage":"pt-BR"},{"@type":"BreadcrumbList","@id":"https:\/\/classmarketing.com.br\/?page_id=63#breadcrumb","itemListElement":[{"@type":"ListItem","position":1,"name":"In\u00edcio","item":"https:\/\/classmarketing.com.br\/"},{"@type":"ListItem","position":2,"name":"Blog Posts"}]},{"@type":"WebSite","@id":"https:\/\/classmarketing.com.br\/#website","url":"https:\/\/classmarketing.com.br\/","name":"Class Marketing | Relacionamento e Marca","description":"Inspirando Mulheres atrav\u00e9s do Marketing","publisher":{"@id":"https:\/\/classmarketing.com.br\/#organization"},"potentialAction":[{"@type":"SearchAction","target":{"@type":"EntryPoint","urlTemplate":"https:\/\/classmarketing.com.br\/?s={search_term_string}"},"query-input":{"@type":"PropertyValueSpecification","valueRequired":true,"valueName":"search_term_string"}}],"inLanguage":"pt-BR"},{"@type":"Organization","@id":"https:\/\/classmarketing.com.br\/#organization","name":"Class Marketing | Relacionamento e Marca","url":"https:\/\/classmarketing.com.br\/","logo":{"@type":"ImageObject","inLanguage":"pt-BR","@id":"https:\/\/classmarketing.com.br\/#\/schema\/logo\/image\/","url":"https:\/\/classmarketing.com.br\/wp-content\/uploads\/2024\/03\/cropped-banner-class.png","contentUrl":"https:\/\/classmarketing.com.br\/wp-content\/uploads\/2024\/03\/cropped-banner-class.png","width":1200,"height":300,"caption":"Class Marketing |  Relacionamento e Marca"},"image":{"@id":"https:\/\/classmarketing.com.br\/#\/schema\/logo\/image\/"}}]}},"_links":{"self":[{"href":"https:\/\/classmarketing.com.br\/index.php?rest_route=\/wp\/v2\/pages\/63","targetHints":{"allow":["GET"]}}],"collection":[{"href":"https:\/\/classmarketing.com.br\/index.php?rest_route=\/wp\/v2\/pages"}],"about":[{"href":"https:\/\/classmarketing.com.br\/index.php?rest_route=\/wp\/v2\/types\/page"}],"author":[{"embeddable":true,"href":"https:\/\/classmarketing.com.br\/index.php?rest_route=\/wp\/v2\/users\/1"}],"replies":[{"embeddable":true,"href":"https:\/\/classmarketing.com.br\/index.php?rest_route=%2Fwp%2Fv2%2Fcomments&post=63"}],"version-history":[{"count":0,"href":"https:\/\/classmarketing.com.br\/index.php?rest_route=\/wp\/v2\/pages\/63\/revisions"}],"wp:attachment":[{"href":"https:\/\/classmarketing.com.br\/index.php?rest_route=%2Fwp%2Fv2%2Fmedia&parent=63"}],"curies":[{"name":"wp","href":"https:\/\/api.w.org\/{rel}","templated":true}]}}